{"id":15,"date":"2025-06-11T20:40:12","date_gmt":"2025-06-11T20:40:12","guid":{"rendered":"https:\/\/medsynergiesante.ma\/?page_id=15"},"modified":"2025-06-14T19:16:21","modified_gmt":"2025-06-14T19:16:21","slug":"details-du-projet","status":"publish","type":"page","link":"https:\/\/medsynergiesante.ma\/?page_id=15","title":{"rendered":"Professionnels (Solutions B2B)"},"content":{"rendered":"\n<div class=\"wp-block-cover alignfull\" style=\"min-height:320px;aspect-ratio:unset;\"><span aria-hidden=\"true\" class=\"wp-block-cover__background has-nv-site-bg-background-color has-background-dim-100 has-background-dim\"><\/span><div class=\"wp-block-cover__inner-container is-layout-flow wp-block-cover-is-layout-flow\">\n<div class=\"wp-block-group\" style=\"padding-right:var(--wp--preset--spacing--30);padding-left:var(--wp--preset--spacing--30)\"><div class=\"wp-block-group__inner-container is-layout-flow wp-block-group-is-layout-flow\">\n<div class=\"wp-block-columns are-vertically-aligned-center is-layout-flex wp-container-core-columns-is-layout-9d6595d7 wp-block-columns-is-layout-flex\">\n<div class=\"wp-block-column is-vertically-aligned-center is-layout-flow wp-block-column-is-layout-flow\" style=\"flex-basis:70%\">\n<h1 class=\"wp-block-heading has-text-align-left has-neve-link-hover-color-color has-text-color\">Med Synergie Sant\u00e9 : Partenaire de Propret\u00e9 pour les Professionnels<\/h1>\n\n\n\n<p class=\"has-neve-text-color-color has-text-color\" style=\"font-size:22px\"><\/p>\n<\/div>\n\n\n\n<div class=\"wp-block-column is-vertically-aligned-center is-layout-flow wp-block-column-is-layout-flow\" style=\"flex-basis:30%\"><\/div>\n<\/div>\n<\/div><\/div>\n<\/div><\/div>\n\n\n\n<div class=\"wp-block-cover alignfull\" style=\"min-height:600px;aspect-ratio:unset;\"><span aria-hidden=\"true\" class=\"wp-block-cover__background has-nv-light-bg-background-color has-background-dim-100 has-background-dim\"><\/span><div class=\"wp-block-cover__inner-container is-layout-flow wp-block-cover-is-layout-flow\">\n<div class=\"wp-block-group\"><div class=\"wp-block-group__inner-container is-layout-flow wp-block-group-is-layout-flow\">\n<div style=\"height:60px\" aria-hidden=\"true\" class=\"wp-block-spacer\"><\/div>\n\n\n\n<div class=\"wp-block-columns is-layout-flex wp-container-core-columns-is-layout-9d6595d7 wp-block-columns-is-layout-flex\">\n<div class=\"wp-block-column is-layout-flow wp-block-column-is-layout-flow\" style=\"padding-right:var(--wp--preset--spacing--30);padding-left:var(--wp--preset--spacing--30);flex-basis:67%\">\n<p class=\"has-neve-text-color-color has-text-color\">\u00ab\u00a0Chez Med Synergie Sant\u00e9, nous comprenons les exigences uniques du monde professionnel.<br>Nous offrons une gamme compl\u00e8te de d\u00e9tergents et produits d&rsquo;hygi\u00e8ne sp\u00e9cifiquement<br>con\u00e7us pour r\u00e9pondre aux besoins des entreprises, des institutions et des industriels,<br>garantissant propret\u00e9, hygi\u00e8ne et efficacit\u00e9.\u00a0\u00bb<\/p>\n\n\n\n<p class=\"has-neve-text-color-color has-text-color\"><\/p>\n\n\n\n<div class=\"wp-block-buttons has-custom-font-size has-small-font-size is-content-justification-left is-layout-flex wp-container-core-buttons-is-layout-fdcfc74e wp-block-buttons-is-layout-flex\">\n<div class=\"wp-block-button is-style-default\"><a class=\"wp-block-button__link has-nv-text-dark-bg-color has-neve-link-color-background-color has-text-color has-background has-link-color has-custom-font-size wp-element-button\" style=\"font-size:16px\"><strong>Pourquoi Choisir Med Synergie Sant\u00e9 pour votre Entreprise ?<\/strong><\/a><\/div>\n<\/div>\n\n\n\n<div style=\"height:24px\" aria-hidden=\"true\" class=\"wp-block-spacer\"><\/div>\n\n\n\n<div style=\"height:24px\" aria-hidden=\"true\" class=\"wp-block-spacer\"><\/div>\n\n\n\n<div style=\"height:24px\" aria-hidden=\"true\" class=\"wp-block-spacer\"><\/div>\n<\/div>\n\n\n\n<div class=\"wp-block-column is-layout-flow wp-block-column-is-layout-flow\" style=\"padding-right:var(--wp--preset--spacing--30);padding-left:var(--wp--preset--spacing--30);flex-basis:34%\">\n<figure class=\"wp-block-image size-full\"><img loading=\"lazy\" decoding=\"async\" width=\"938\" height=\"938\" src=\"https:\/\/medsynergiesante.ma\/wp-content\/uploads\/2025\/06\/Design-sans-titre-4-1.png\" alt=\"\" class=\"wp-image-67\" srcset=\"https:\/\/medsynergiesante.ma\/wp-content\/uploads\/2025\/06\/Design-sans-titre-4-1.png 938w, https:\/\/medsynergiesante.ma\/wp-content\/uploads\/2025\/06\/Design-sans-titre-4-1-300x300.png 300w, https:\/\/medsynergiesante.ma\/wp-content\/uploads\/2025\/06\/Design-sans-titre-4-1-150x150.png 150w, https:\/\/medsynergiesante.ma\/wp-content\/uploads\/2025\/06\/Design-sans-titre-4-1-768x768.png 768w\" sizes=\"auto, (max-width: 938px) 100vw, 938px\" \/><\/figure>\n\n\n\n<div style=\"height:24px\" aria-hidden=\"true\" class=\"wp-block-spacer\"><\/div>\n\n\n\n<p class=\"has-neve-text-color-color has-text-color has-small-font-size\"><\/p>\n<\/div>\n<\/div>\n\n\n\n<div style=\"height:40px\" aria-hidden=\"true\" class=\"wp-block-spacer\"><\/div>\n<\/div><\/div>\n<\/div><\/div>\n\n\n\n<div class=\"wp-block-cover alignfull\" style=\"min-height:600px;aspect-ratio:unset;\"><span aria-hidden=\"true\" class=\"wp-block-cover__background has-nv-site-bg-background-color has-background-dim-100 has-background-dim\"><\/span><div class=\"wp-block-cover__inner-container is-layout-flow wp-block-cover-is-layout-flow\">\n<div class=\"wp-block-group\"><div class=\"wp-block-group__inner-container is-layout-flow wp-block-group-is-layout-flow\">\n<p><\/p>\n\n\n\n<div style=\"height:20px\" aria-hidden=\"true\" class=\"wp-block-spacer\"><\/div>\n\n\n\n<div class=\"wp-block-columns are-vertically-aligned-center is-layout-flex wp-container-core-columns-is-layout-9d6595d7 wp-block-columns-is-layout-flex\">\n<div class=\"wp-block-column is-vertically-aligned-center is-layout-flow wp-block-column-is-layout-flow\" style=\"padding-right:var(--wp--preset--spacing--30);padding-left:var(--wp--preset--spacing--30);flex-basis:50%\">\n<figure class=\"wp-block-image size-full has-custom-border\"><img loading=\"lazy\" decoding=\"async\" width=\"200\" height=\"200\" src=\"https:\/\/medsynergiesante.ma\/wp-content\/uploads\/2025\/06\/1.gif\" alt=\"\" class=\"wp-image-68\" style=\"border-radius:24px\"\/><\/figure>\n\n\n\n<div style=\"height:24px\" aria-hidden=\"true\" class=\"wp-block-spacer\"><\/div>\n\n\n\n<h3 class=\"wp-block-heading has-text-align-left has-text-align-center has-neve-text-color-color has-text-color\">Qualit\u00e9 Industrielle<\/h3>\n\n\n\n<div style=\"height:40px\" aria-hidden=\"true\" class=\"wp-block-spacer\"><\/div>\n<\/div>\n\n\n\n<div class=\"wp-block-column is-vertically-aligned-center is-layout-flow wp-block-column-is-layout-flow\" style=\"padding-right:var(--wp--preset--spacing--30);padding-left:var(--wp--preset--spacing--30);flex-basis:50%\">\n<figure class=\"wp-block-image size-full has-custom-border\"><img loading=\"lazy\" decoding=\"async\" width=\"200\" height=\"200\" src=\"https:\/\/medsynergiesante.ma\/wp-content\/uploads\/2025\/06\/2.gif\" alt=\"\" class=\"wp-image-69\" style=\"border-radius:24px\"\/><\/figure>\n\n\n\n<div style=\"height:24px\" aria-hidden=\"true\" class=\"wp-block-spacer\"><\/div>\n\n\n\n<h3 class=\"wp-block-heading has-text-align-left has-text-align-center has-neve-text-color-color has-text-color\">Solutions Personnalis\u00e9es<\/h3>\n\n\n\n<div style=\"height:40px\" aria-hidden=\"true\" class=\"wp-block-spacer\"><\/div>\n<\/div>\n\n\n\n<div class=\"wp-block-column is-vertically-aligned-center is-layout-flow wp-block-column-is-layout-flow\" style=\"padding-right:var(--wp--preset--spacing--30);padding-left:var(--wp--preset--spacing--30);flex-basis:50%\">\n<figure class=\"wp-block-image size-full has-custom-border\"><img loading=\"lazy\" decoding=\"async\" width=\"200\" height=\"200\" src=\"https:\/\/medsynergiesante.ma\/wp-content\/uploads\/2025\/06\/3.gif\" alt=\"\" class=\"wp-image-70\" style=\"border-radius:24px\"\/><\/figure>\n\n\n\n<div style=\"height:24px\" aria-hidden=\"true\" class=\"wp-block-spacer\"><\/div>\n\n\n\n<h3 class=\"wp-block-heading has-text-align-left has-text-align-center has-neve-text-color-color has-text-color\">Fiabilit\u00e9 &amp; Logistique<\/h3>\n\n\n\n<div style=\"height:40px\" aria-hidden=\"true\" class=\"wp-block-spacer\"><\/div>\n<\/div>\n<\/div>\n\n\n\n<div class=\"wp-block-columns are-vertically-aligned-center is-layout-flex wp-container-core-columns-is-layout-9d6595d7 wp-block-columns-is-layout-flex\">\n<div class=\"wp-block-column is-vertically-aligned-center is-layout-flow wp-block-column-is-layout-flow\" style=\"padding-right:var(--wp--preset--spacing--30);padding-left:var(--wp--preset--spacing--30);flex-basis:50%\">\n<figure class=\"wp-block-image size-full has-custom-border\"><img loading=\"lazy\" decoding=\"async\" width=\"200\" height=\"200\" src=\"https:\/\/medsynergiesante.ma\/wp-content\/uploads\/2025\/06\/4.gif\" alt=\"\" class=\"wp-image-71\" style=\"border-radius:24px\"\/><\/figure>\n\n\n\n<div style=\"height:24px\" aria-hidden=\"true\" class=\"wp-block-spacer\"><\/div>\n\n\n\n<h3 class=\"wp-block-heading has-text-align-left has-text-align-center has-neve-text-color-color has-text-color\">Expertise &amp; Conformit\u00e9<\/h3>\n\n\n\n<div style=\"height:40px\" aria-hidden=\"true\" class=\"wp-block-spacer\"><\/div>\n<\/div>\n\n\n\n<div class=\"wp-block-column is-vertically-aligned-center is-layout-flow wp-block-column-is-layout-flow\" style=\"padding-right:var(--wp--preset--spacing--30);padding-left:var(--wp--preset--spacing--30);flex-basis:50%\">\n<figure class=\"wp-block-image size-full has-custom-border\"><img loading=\"lazy\" decoding=\"async\" width=\"200\" height=\"200\" src=\"https:\/\/medsynergiesante.ma\/wp-content\/uploads\/2025\/06\/5.gif\" alt=\"\" class=\"wp-image-72\" style=\"border-radius:24px\"\/><\/figure>\n\n\n\n<div style=\"height:24px\" aria-hidden=\"true\" class=\"wp-block-spacer\"><\/div>\n\n\n\n<h3 class=\"wp-block-heading has-text-align-left has-text-align-center has-neve-text-color-color has-text-color\">\u00c9conomie d&rsquo;\u00c9chelle<\/h3>\n\n\n\n<div style=\"height:40px\" aria-hidden=\"true\" class=\"wp-block-spacer\"><\/div>\n<\/div>\n<\/div>\n\n\n\n<div style=\"height:40px\" aria-hidden=\"true\" class=\"wp-block-spacer\"><\/div>\n<\/div><\/div>\n<\/div><\/div>\n\n\n\n<div class=\"wp-block-cover alignfull\" style=\"min-height:300px;aspect-ratio:unset;\"><span aria-hidden=\"true\" class=\"wp-block-cover__background has-neve-link-color-background-color has-background-dim-100 has-background-dim\"><\/span><div class=\"wp-block-cover__inner-container is-layout-flow wp-block-cover-is-layout-flow\">\n<div class=\"wp-block-columns is-layout-flex wp-container-core-columns-is-layout-9d6595d7 wp-block-columns-is-layout-flex\">\n<div class=\"wp-block-column is-layout-flow wp-block-column-is-layout-flow\" style=\"flex-basis:20%\"><\/div>\n\n\n\n<div class=\"wp-block-column is-layout-flow wp-block-column-is-layout-flow\" style=\"flex-basis:60%\">\n<div class=\"wp-block-group\"><div class=\"wp-block-group__inner-container is-layout-constrained wp-block-group-is-layout-constrained\">\n<p><\/p>\n\n\n\n<h2 class=\"wp-block-heading has-text-align-center has-nv-text-dark-bg-color has-text-color\">H\u00f4tels, Restaurants &amp; Caf\u00e9s.<br>Bureaux &amp; Espaces Commerciaux.<br>\u00c9tablissements de Sant\u00e9 &amp; Cliniques.<br>Industries &amp; Usines.<br>Services de Nettoyage Professionnels.<\/h2>\n\n\n\n<p class=\"has-text-align-center\"><\/p>\n\n\n\n<div class=\"wp-block-buttons is-horizontal is-content-justification-center is-layout-flex wp-container-core-buttons-is-layout-499968f5 wp-block-buttons-is-layout-flex\">\n<div class=\"wp-block-button is-style-primary\"><a class=\"wp-block-button__link has-neve-link-color-color has-text-color has-background has-link-color wp-element-button\" href=\"https:\/\/medsynergiesante.ma\/contact\/\" style=\"background-color:#ffffff\">Demandez un Devis Personnalis\u00e9<\/a><\/div>\n<\/div>\n<\/div><\/div>\n<\/div>\n\n\n\n<div class=\"wp-block-column is-layout-flow wp-block-column-is-layout-flow\" style=\"flex-basis:20%\"><\/div>\n<\/div>\n<\/div><\/div>\n","protected":false},"excerpt":{"rendered":"","protected":false},"author":1,"featured_media":0,"parent":0,"menu_order":0,"comment_status":"closed","ping_status":"closed","template":"","meta":{"neve_meta_sidebar":"","neve_meta_container":"","neve_meta_enable_content_width":"on","neve_meta_content_width":100,"neve_meta_title_alignment":"","neve_meta_author_avatar":"","neve_post_elements_order":"","neve_meta_disable_header":"","neve_meta_disable_footer":"","neve_meta_disable_title":"on","_kadence_starter_templates_imported_post":false,"footnotes":""},"class_list":["post-15","page","type-page","status-publish","hentry"],"yoast_head":"<!-- This site is optimized with the Yoast SEO plugin v25.3 - https:\/\/yoast.com\/wordpress\/plugins\/seo\/ -->\n<title>Professionnels (Solutions B2B) - Med Synergie Sant\u00e9<\/title>\n<meta name=\"robots\" content=\"index, follow, max-snippet:-1, max-image-preview:large, max-video-preview:-1\" \/>\n<link rel=\"canonical\" href=\"https:\/\/medsynergiesante.ma\/?page_id=15\" \/>\n<meta property=\"og:locale\" content=\"fr_FR\" \/>\n<meta property=\"og:type\" content=\"article\" \/>\n<meta property=\"og:title\" content=\"Professionnels (Solutions B2B) - Med Synergie Sant\u00e9\" \/>\n<meta property=\"og:url\" content=\"https:\/\/medsynergiesante.ma\/?page_id=15\" \/>\n<meta property=\"og:site_name\" content=\"Med Synergie Sant\u00e9\" \/>\n<meta property=\"article:modified_time\" content=\"2025-06-14T19:16:21+00:00\" \/>\n<meta property=\"og:image\" content=\"https:\/\/medsynergiesante.ma\/wp-content\/uploads\/2025\/06\/Design-sans-titre-4-1.png\" \/>\n\t<meta property=\"og:image:width\" content=\"938\" \/>\n\t<meta property=\"og:image:height\" content=\"938\" \/>\n\t<meta property=\"og:image:type\" content=\"image\/png\" \/>\n<meta name=\"twitter:card\" content=\"summary_large_image\" \/>\n<meta name=\"twitter:label1\" content=\"Dur\u00e9e de lecture estim\u00e9e\" \/>\n\t<meta name=\"twitter:data1\" content=\"2 minutes\" \/>\n<script type=\"application\/ld+json\" class=\"yoast-schema-graph\">{\"@context\":\"https:\/\/schema.org\",\"@graph\":[{\"@type\":\"WebPage\",\"@id\":\"https:\/\/medsynergiesante.ma\/?page_id=15\",\"url\":\"https:\/\/medsynergiesante.ma\/?page_id=15\",\"name\":\"Professionnels (Solutions B2B) - Med Synergie Sant\u00e9\",\"isPartOf\":{\"@id\":\"https:\/\/medsynergiesante.ma\/#website\"},\"primaryImageOfPage\":{\"@id\":\"https:\/\/medsynergiesante.ma\/?page_id=15#primaryimage\"},\"image\":{\"@id\":\"https:\/\/medsynergiesante.ma\/?page_id=15#primaryimage\"},\"thumbnailUrl\":\"https:\/\/medsynergiesante.ma\/wp-content\/uploads\/2025\/06\/Design-sans-titre-4-1.png\",\"datePublished\":\"2025-06-11T20:40:12+00:00\",\"dateModified\":\"2025-06-14T19:16:21+00:00\",\"breadcrumb\":{\"@id\":\"https:\/\/medsynergiesante.ma\/?page_id=15#breadcrumb\"},\"inLanguage\":\"fr-FR\",\"potentialAction\":[{\"@type\":\"ReadAction\",\"target\":[\"https:\/\/medsynergiesante.ma\/?page_id=15\"]}]},{\"@type\":\"ImageObject\",\"inLanguage\":\"fr-FR\",\"@id\":\"https:\/\/medsynergiesante.ma\/?page_id=15#primaryimage\",\"url\":\"https:\/\/medsynergiesante.ma\/wp-content\/uploads\/2025\/06\/Design-sans-titre-4-1.png\",\"contentUrl\":\"https:\/\/medsynergiesante.ma\/wp-content\/uploads\/2025\/06\/Design-sans-titre-4-1.png\",\"width\":938,\"height\":938},{\"@type\":\"BreadcrumbList\",\"@id\":\"https:\/\/medsynergiesante.ma\/?page_id=15#breadcrumb\",\"itemListElement\":[{\"@type\":\"ListItem\",\"position\":1,\"name\":\"Accueil\",\"item\":\"https:\/\/medsynergiesante.ma\/\"},{\"@type\":\"ListItem\",\"position\":2,\"name\":\"Professionnels (Solutions B2B)\"}]},{\"@type\":\"WebSite\",\"@id\":\"https:\/\/medsynergiesante.ma\/#website\",\"url\":\"https:\/\/medsynergiesante.ma\/\",\"name\":\"Med Synergie Sant\u00e9\",\"description\":\"\",\"publisher\":{\"@id\":\"https:\/\/medsynergiesante.ma\/#organization\"},\"potentialAction\":[{\"@type\":\"SearchAction\",\"target\":{\"@type\":\"EntryPoint\",\"urlTemplate\":\"https:\/\/medsynergiesante.ma\/?s={search_term_string}\"},\"query-input\":{\"@type\":\"PropertyValueSpecification\",\"valueRequired\":true,\"valueName\":\"search_term_string\"}}],\"inLanguage\":\"fr-FR\"},{\"@type\":\"Organization\",\"@id\":\"https:\/\/medsynergiesante.ma\/#organization\",\"name\":\"Med Synergie Sant\u00e9\",\"url\":\"https:\/\/medsynergiesante.ma\/\",\"logo\":{\"@type\":\"ImageObject\",\"inLanguage\":\"fr-FR\",\"@id\":\"https:\/\/medsynergiesante.ma\/#\/schema\/logo\/image\/\",\"url\":\"https:\/\/medsynergiesante.ma\/wp-content\/uploads\/2025\/06\/logo-agency.png\",\"contentUrl\":\"https:\/\/medsynergiesante.ma\/wp-content\/uploads\/2025\/06\/logo-agency.png\",\"width\":200,\"height\":200,\"caption\":\"Med Synergie Sant\u00e9\"},\"image\":{\"@id\":\"https:\/\/medsynergiesante.ma\/#\/schema\/logo\/image\/\"}}]}<\/script>\n<!-- \/ Yoast SEO plugin. -->","yoast_head_json":{"title":"Professionnels (Solutions B2B) - Med Synergie Sant\u00e9","robots":{"index":"index","follow":"follow","max-snippet":"max-snippet:-1","max-image-preview":"max-image-preview:large","max-video-preview":"max-video-preview:-1"},"canonical":"https:\/\/medsynergiesante.ma\/?page_id=15","og_locale":"fr_FR","og_type":"article","og_title":"Professionnels (Solutions B2B) - Med Synergie Sant\u00e9","og_url":"https:\/\/medsynergiesante.ma\/?page_id=15","og_site_name":"Med Synergie Sant\u00e9","article_modified_time":"2025-06-14T19:16:21+00:00","og_image":[{"width":938,"height":938,"url":"https:\/\/medsynergiesante.ma\/wp-content\/uploads\/2025\/06\/Design-sans-titre-4-1.png","type":"image\/png"}],"twitter_card":"summary_large_image","twitter_misc":{"Dur\u00e9e de lecture estim\u00e9e":"2 minutes"},"schema":{"@context":"https:\/\/schema.org","@graph":[{"@type":"WebPage","@id":"https:\/\/medsynergiesante.ma\/?page_id=15","url":"https:\/\/medsynergiesante.ma\/?page_id=15","name":"Professionnels (Solutions B2B) - Med Synergie Sant\u00e9","isPartOf":{"@id":"https:\/\/medsynergiesante.ma\/#website"},"primaryImageOfPage":{"@id":"https:\/\/medsynergiesante.ma\/?page_id=15#primaryimage"},"image":{"@id":"https:\/\/medsynergiesante.ma\/?page_id=15#primaryimage"},"thumbnailUrl":"https:\/\/medsynergiesante.ma\/wp-content\/uploads\/2025\/06\/Design-sans-titre-4-1.png","datePublished":"2025-06-11T20:40:12+00:00","dateModified":"2025-06-14T19:16:21+00:00","breadcrumb":{"@id":"https:\/\/medsynergiesante.ma\/?page_id=15#breadcrumb"},"inLanguage":"fr-FR","potentialAction":[{"@type":"ReadAction","target":["https:\/\/medsynergiesante.ma\/?page_id=15"]}]},{"@type":"ImageObject","inLanguage":"fr-FR","@id":"https:\/\/medsynergiesante.ma\/?page_id=15#primaryimage","url":"https:\/\/medsynergiesante.ma\/wp-content\/uploads\/2025\/06\/Design-sans-titre-4-1.png","contentUrl":"https:\/\/medsynergiesante.ma\/wp-content\/uploads\/2025\/06\/Design-sans-titre-4-1.png","width":938,"height":938},{"@type":"BreadcrumbList","@id":"https:\/\/medsynergiesante.ma\/?page_id=15#breadcrumb","itemListElement":[{"@type":"ListItem","position":1,"name":"Accueil","item":"https:\/\/medsynergiesante.ma\/"},{"@type":"ListItem","position":2,"name":"Professionnels (Solutions B2B)"}]},{"@type":"WebSite","@id":"https:\/\/medsynergiesante.ma\/#website","url":"https:\/\/medsynergiesante.ma\/","name":"Med Synergie Sant\u00e9","description":"","publisher":{"@id":"https:\/\/medsynergiesante.ma\/#organization"},"potentialAction":[{"@type":"SearchAction","target":{"@type":"EntryPoint","urlTemplate":"https:\/\/medsynergiesante.ma\/?s={search_term_string}"},"query-input":{"@type":"PropertyValueSpecification","valueRequired":true,"valueName":"search_term_string"}}],"inLanguage":"fr-FR"},{"@type":"Organization","@id":"https:\/\/medsynergiesante.ma\/#organization","name":"Med Synergie Sant\u00e9","url":"https:\/\/medsynergiesante.ma\/","logo":{"@type":"ImageObject","inLanguage":"fr-FR","@id":"https:\/\/medsynergiesante.ma\/#\/schema\/logo\/image\/","url":"https:\/\/medsynergiesante.ma\/wp-content\/uploads\/2025\/06\/logo-agency.png","contentUrl":"https:\/\/medsynergiesante.ma\/wp-content\/uploads\/2025\/06\/logo-agency.png","width":200,"height":200,"caption":"Med Synergie Sant\u00e9"},"image":{"@id":"https:\/\/medsynergiesante.ma\/#\/schema\/logo\/image\/"}}]}},"_links":{"self":[{"href":"https:\/\/medsynergiesante.ma\/index.php?rest_route=\/wp\/v2\/pages\/15","targetHints":{"allow":["GET"]}}],"collection":[{"href":"https:\/\/medsynergiesante.ma\/index.php?rest_route=\/wp\/v2\/pages"}],"about":[{"href":"https:\/\/medsynergiesante.ma\/index.php?rest_route=\/wp\/v2\/types\/page"}],"author":[{"embeddable":true,"href":"https:\/\/medsynergiesante.ma\/index.php?rest_route=\/wp\/v2\/users\/1"}],"replies":[{"embeddable":true,"href":"https:\/\/medsynergiesante.ma\/index.php?rest_route=%2Fwp%2Fv2%2Fcomments&post=15"}],"version-history":[{"count":3,"href":"https:\/\/medsynergiesante.ma\/index.php?rest_route=\/wp\/v2\/pages\/15\/revisions"}],"predecessor-version":[{"id":74,"href":"https:\/\/medsynergiesante.ma\/index.php?rest_route=\/wp\/v2\/pages\/15\/revisions\/74"}],"wp:attachment":[{"href":"https:\/\/medsynergiesante.ma\/index.php?rest_route=%2Fwp%2Fv2%2Fmedia&parent=15"}],"curies":[{"name":"wp","href":"https:\/\/api.w.org\/{rel}","templated":true}]}}