{"id":13,"date":"2025-06-11T20:40:11","date_gmt":"2025-06-11T20:40:11","guid":{"rendered":"https:\/\/medsynergiesante.ma\/?page_id=13"},"modified":"2025-06-12T17:10:59","modified_gmt":"2025-06-12T17:10:59","slug":"contact","status":"publish","type":"page","link":"https:\/\/medsynergiesante.ma\/?page_id=13","title":{"rendered":"Contact"},"content":{"rendered":"\n<div class=\"wp-block-cover alignfull\" style=\"padding-right:0;padding-left:0;min-height:300px;aspect-ratio:unset;\"><span aria-hidden=\"true\" class=\"wp-block-cover__background has-nv-site-bg-background-color has-background-dim-100 has-background-dim\"><\/span><div class=\"wp-block-cover__inner-container is-layout-flow wp-block-cover-is-layout-flow\">\n<div class=\"wp-block-group\" style=\"padding-right:var(--wp--preset--spacing--30);padding-left:var(--wp--preset--spacing--30)\"><div class=\"wp-block-group__inner-container is-layout-flow wp-block-group-is-layout-flow\">\n<h1 class=\"wp-block-heading has-text-align-left has-neve-text-color-color has-text-color\">Contactez nous<\/h1>\n<\/div><\/div>\n<\/div><\/div>\n\n\n\n<div class=\"wp-block-cover alignfull\" style=\"min-height:617px;aspect-ratio:unset;\"><span aria-hidden=\"true\" class=\"wp-block-cover__background has-nv-light-bg-background-color has-background-dim-100 has-background-dim\"><\/span><div class=\"wp-block-cover__inner-container is-layout-flow wp-block-cover-is-layout-flow\">\n<div style=\"height:80px\" aria-hidden=\"true\" class=\"wp-block-spacer\"><\/div>\n\n\n\n<div class=\"wp-block-columns is-layout-flex wp-container-core-columns-is-layout-9d6595d7 wp-block-columns-is-layout-flex\">\n<div class=\"wp-block-column ticss-4ce656f1 is-layout-flow wp-block-column-is-layout-flow\" style=\"padding-right:var(--wp--preset--spacing--30);padding-left:var(--wp--preset--spacing--30)\">\n<div class=\"wp-block-group has-nv-site-bg-background-color has-background\" style=\"border-radius:24px\"><div class=\"wp-block-group__inner-container is-layout-flow wp-block-group-is-layout-flow\">\n<div style=\"height:24px\" aria-hidden=\"true\" class=\"wp-block-spacer\"><\/div>\n\n\n<div class=\"wp-block-image icon-style is-style-default\">\n<figure class=\"aligncenter size-full\"><img decoding=\"async\" src=\"https:\/\/medsynergiesante.ma\/wp-content\/themes\/neve\/assets\/img\/starter-content\/neve-marketing-icon-7.png\" alt=\"\"\/><\/figure>\n<\/div>\n\n\n<div style=\"height:24px\" aria-hidden=\"true\" class=\"wp-block-spacer\"><\/div>\n\n\n\n<h3 class=\"wp-block-heading has-text-align-center has-neve-text-color-color has-text-color\">T\u00e9l\u00e9phone<\/h3>\n\n\n\n<p class=\"has-text-align-center has-neve-text-color-color has-text-color\" style=\"font-size:15px\">05 22 34 39 55 \/ 07 68 14 04 54<\/p>\n\n\n\n<div style=\"height:24px\" aria-hidden=\"true\" class=\"wp-block-spacer\"><\/div>\n<\/div><\/div>\n<\/div>\n\n\n\n<div class=\"wp-block-column ticss-f6fc7494 is-layout-flow wp-block-column-is-layout-flow\" style=\"padding-right:var(--wp--preset--spacing--30);padding-left:var(--wp--preset--spacing--30)\">\n<div class=\"wp-block-group has-nv-site-bg-background-color has-background\" style=\"border-radius:24px\"><div class=\"wp-block-group__inner-container is-layout-flow wp-block-group-is-layout-flow\">\n<div style=\"height:24px\" aria-hidden=\"true\" class=\"wp-block-spacer\"><\/div>\n\n\n<div class=\"wp-block-image icon-style is-style-default\">\n<figure class=\"aligncenter size-full\"><img decoding=\"async\" src=\"https:\/\/medsynergiesante.ma\/wp-content\/themes\/neve\/assets\/img\/starter-content\/neve-marketing-icon-5.png\" alt=\"\"\/><\/figure>\n<\/div>\n\n\n<div style=\"height:24px\" aria-hidden=\"true\" class=\"wp-block-spacer\"><\/div>\n\n\n\n<h3 class=\"wp-block-heading has-text-align-center has-neve-text-color-color has-text-color\">Email<\/h3>\n\n\n\n<p class=\"has-text-align-center has-neve-text-color-color has-text-color\" style=\"font-size:15px\">contact@medsynergiesante.ma<\/p>\n\n\n\n<div style=\"height:24px\" aria-hidden=\"true\" class=\"wp-block-spacer\"><\/div>\n<\/div><\/div>\n<\/div>\n\n\n\n<div class=\"wp-block-column ticss-a5b4df29 is-layout-flow wp-block-column-is-layout-flow\" style=\"padding-right:var(--wp--preset--spacing--30);padding-left:var(--wp--preset--spacing--30)\">\n<div class=\"wp-block-group has-nv-site-bg-background-color has-background\" style=\"border-radius:24px\"><div class=\"wp-block-group__inner-container is-layout-flow wp-block-group-is-layout-flow\">\n<div style=\"height:24px\" aria-hidden=\"true\" class=\"wp-block-spacer\"><\/div>\n\n\n<div class=\"wp-block-image icon-style is-style-default\">\n<figure class=\"aligncenter size-full\"><img decoding=\"async\" src=\"https:\/\/medsynergiesante.ma\/wp-content\/themes\/neve\/assets\/img\/starter-content\/neve-marketing-icon-6.png\" alt=\"\"\/><\/figure>\n<\/div>\n\n\n<div style=\"height:24px\" aria-hidden=\"true\" class=\"wp-block-spacer\"><\/div>\n\n\n\n<h3 class=\"wp-block-heading has-text-align-center has-neve-text-color-color has-text-color\">Adresse<\/h3>\n\n\n\n<p class=\"has-text-align-center has-neve-text-color-color has-text-color\" style=\"font-size:15px\">N\u00b0 359, Boulevard Chefchaouni, Route 110, Km 12, \u00c9tage 1, A\u00efn Seba\u00e2, Casablanca, Maroc<\/p>\n\n\n\n<div style=\"height:24px\" aria-hidden=\"true\" class=\"wp-block-spacer\"><\/div>\n<\/div><\/div>\n<\/div>\n<\/div>\n\n\n\n<div style=\"height:30px\" aria-hidden=\"true\" class=\"wp-block-spacer\"><\/div>\n<\/div><\/div>\n\n\n\n<p><\/p>\n","protected":false},"excerpt":{"rendered":"","protected":false},"author":1,"featured_media":0,"parent":0,"menu_order":0,"comment_status":"closed","ping_status":"closed","template":"","meta":{"neve_meta_sidebar":"","neve_meta_container":"","neve_meta_enable_content_width":"on","neve_meta_content_width":100,"neve_meta_title_alignment":"","neve_meta_author_avatar":"","neve_post_elements_order":"","neve_meta_disable_header":"","neve_meta_disable_footer":"","neve_meta_disable_title":"on","_kadence_starter_templates_imported_post":false,"footnotes":""},"class_list":["post-13","page","type-page","status-publish","hentry"],"yoast_head":"<!-- This site is optimized with the Yoast SEO plugin v25.3 - https:\/\/yoast.com\/wordpress\/plugins\/seo\/ -->\n<title>Contact - Med Synergie Sant\u00e9<\/title>\n<meta name=\"robots\" content=\"index, follow, max-snippet:-1, max-image-preview:large, max-video-preview:-1\" \/>\n<link rel=\"canonical\" href=\"https:\/\/medsynergiesante.ma\/?page_id=13\" \/>\n<meta property=\"og:locale\" content=\"fr_FR\" \/>\n<meta property=\"og:type\" content=\"article\" \/>\n<meta property=\"og:title\" content=\"Contact - Med Synergie Sant\u00e9\" \/>\n<meta property=\"og:url\" content=\"https:\/\/medsynergiesante.ma\/?page_id=13\" \/>\n<meta property=\"og:site_name\" content=\"Med Synergie Sant\u00e9\" \/>\n<meta property=\"article:modified_time\" content=\"2025-06-12T17:10:59+00:00\" \/>\n<meta property=\"og:image\" content=\"https:\/\/medsynergiesante.ma\/wp-content\/themes\/neve\/assets\/img\/starter-content\/neve-marketing-icon-7.png\" \/>\n<meta name=\"twitter:card\" content=\"summary_large_image\" \/>\n<meta name=\"twitter:label1\" content=\"Dur\u00e9e de lecture estim\u00e9e\" \/>\n\t<meta name=\"twitter:data1\" content=\"1 minute\" \/>\n<script type=\"application\/ld+json\" class=\"yoast-schema-graph\">{\"@context\":\"https:\/\/schema.org\",\"@graph\":[{\"@type\":\"WebPage\",\"@id\":\"https:\/\/medsynergiesante.ma\/?page_id=13\",\"url\":\"https:\/\/medsynergiesante.ma\/?page_id=13\",\"name\":\"Contact - Med Synergie Sant\u00e9\",\"isPartOf\":{\"@id\":\"https:\/\/medsynergiesante.ma\/#website\"},\"primaryImageOfPage\":{\"@id\":\"https:\/\/medsynergiesante.ma\/?page_id=13#primaryimage\"},\"image\":{\"@id\":\"https:\/\/medsynergiesante.ma\/?page_id=13#primaryimage\"},\"thumbnailUrl\":\"https:\/\/medsynergiesante.ma\/wp-content\/themes\/neve\/assets\/img\/starter-content\/neve-marketing-icon-7.png\",\"datePublished\":\"2025-06-11T20:40:11+00:00\",\"dateModified\":\"2025-06-12T17:10:59+00:00\",\"breadcrumb\":{\"@id\":\"https:\/\/medsynergiesante.ma\/?page_id=13#breadcrumb\"},\"inLanguage\":\"fr-FR\",\"potentialAction\":[{\"@type\":\"ReadAction\",\"target\":[\"https:\/\/medsynergiesante.ma\/?page_id=13\"]}]},{\"@type\":\"ImageObject\",\"inLanguage\":\"fr-FR\",\"@id\":\"https:\/\/medsynergiesante.ma\/?page_id=13#primaryimage\",\"url\":\"https:\/\/medsynergiesante.ma\/wp-content\/themes\/neve\/assets\/img\/starter-content\/neve-marketing-icon-7.png\",\"contentUrl\":\"https:\/\/medsynergiesante.ma\/wp-content\/themes\/neve\/assets\/img\/starter-content\/neve-marketing-icon-7.png\"},{\"@type\":\"BreadcrumbList\",\"@id\":\"https:\/\/medsynergiesante.ma\/?page_id=13#breadcrumb\",\"itemListElement\":[{\"@type\":\"ListItem\",\"position\":1,\"name\":\"Accueil\",\"item\":\"https:\/\/medsynergiesante.ma\/\"},{\"@type\":\"ListItem\",\"position\":2,\"name\":\"Contact\"}]},{\"@type\":\"WebSite\",\"@id\":\"https:\/\/medsynergiesante.ma\/#website\",\"url\":\"https:\/\/medsynergiesante.ma\/\",\"name\":\"Med Synergie Sant\u00e9\",\"description\":\"\",\"publisher\":{\"@id\":\"https:\/\/medsynergiesante.ma\/#organization\"},\"potentialAction\":[{\"@type\":\"SearchAction\",\"target\":{\"@type\":\"EntryPoint\",\"urlTemplate\":\"https:\/\/medsynergiesante.ma\/?s={search_term_string}\"},\"query-input\":{\"@type\":\"PropertyValueSpecification\",\"valueRequired\":true,\"valueName\":\"search_term_string\"}}],\"inLanguage\":\"fr-FR\"},{\"@type\":\"Organization\",\"@id\":\"https:\/\/medsynergiesante.ma\/#organization\",\"name\":\"Med Synergie Sant\u00e9\",\"url\":\"https:\/\/medsynergiesante.ma\/\",\"logo\":{\"@type\":\"ImageObject\",\"inLanguage\":\"fr-FR\",\"@id\":\"https:\/\/medsynergiesante.ma\/#\/schema\/logo\/image\/\",\"url\":\"https:\/\/medsynergiesante.ma\/wp-content\/uploads\/2025\/06\/logo-agency.png\",\"contentUrl\":\"https:\/\/medsynergiesante.ma\/wp-content\/uploads\/2025\/06\/logo-agency.png\",\"width\":200,\"height\":200,\"caption\":\"Med Synergie Sant\u00e9\"},\"image\":{\"@id\":\"https:\/\/medsynergiesante.ma\/#\/schema\/logo\/image\/\"}}]}<\/script>\n<!-- \/ Yoast SEO plugin. -->","yoast_head_json":{"title":"Contact - Med Synergie Sant\u00e9","robots":{"index":"index","follow":"follow","max-snippet":"max-snippet:-1","max-image-preview":"max-image-preview:large","max-video-preview":"max-video-preview:-1"},"canonical":"https:\/\/medsynergiesante.ma\/?page_id=13","og_locale":"fr_FR","og_type":"article","og_title":"Contact - Med Synergie Sant\u00e9","og_url":"https:\/\/medsynergiesante.ma\/?page_id=13","og_site_name":"Med Synergie Sant\u00e9","article_modified_time":"2025-06-12T17:10:59+00:00","og_image":[{"url":"https:\/\/medsynergiesante.ma\/wp-content\/themes\/neve\/assets\/img\/starter-content\/neve-marketing-icon-7.png","type":"","width":"","height":""}],"twitter_card":"summary_large_image","twitter_misc":{"Dur\u00e9e de lecture estim\u00e9e":"1 minute"},"schema":{"@context":"https:\/\/schema.org","@graph":[{"@type":"WebPage","@id":"https:\/\/medsynergiesante.ma\/?page_id=13","url":"https:\/\/medsynergiesante.ma\/?page_id=13","name":"Contact - Med Synergie Sant\u00e9","isPartOf":{"@id":"https:\/\/medsynergiesante.ma\/#website"},"primaryImageOfPage":{"@id":"https:\/\/medsynergiesante.ma\/?page_id=13#primaryimage"},"image":{"@id":"https:\/\/medsynergiesante.ma\/?page_id=13#primaryimage"},"thumbnailUrl":"https:\/\/medsynergiesante.ma\/wp-content\/themes\/neve\/assets\/img\/starter-content\/neve-marketing-icon-7.png","datePublished":"2025-06-11T20:40:11+00:00","dateModified":"2025-06-12T17:10:59+00:00","breadcrumb":{"@id":"https:\/\/medsynergiesante.ma\/?page_id=13#breadcrumb"},"inLanguage":"fr-FR","potentialAction":[{"@type":"ReadAction","target":["https:\/\/medsynergiesante.ma\/?page_id=13"]}]},{"@type":"ImageObject","inLanguage":"fr-FR","@id":"https:\/\/medsynergiesante.ma\/?page_id=13#primaryimage","url":"https:\/\/medsynergiesante.ma\/wp-content\/themes\/neve\/assets\/img\/starter-content\/neve-marketing-icon-7.png","contentUrl":"https:\/\/medsynergiesante.ma\/wp-content\/themes\/neve\/assets\/img\/starter-content\/neve-marketing-icon-7.png"},{"@type":"BreadcrumbList","@id":"https:\/\/medsynergiesante.ma\/?page_id=13#breadcrumb","itemListElement":[{"@type":"ListItem","position":1,"name":"Accueil","item":"https:\/\/medsynergiesante.ma\/"},{"@type":"ListItem","position":2,"name":"Contact"}]},{"@type":"WebSite","@id":"https:\/\/medsynergiesante.ma\/#website","url":"https:\/\/medsynergiesante.ma\/","name":"Med Synergie Sant\u00e9","description":"","publisher":{"@id":"https:\/\/medsynergiesante.ma\/#organization"},"potentialAction":[{"@type":"SearchAction","target":{"@type":"EntryPoint","urlTemplate":"https:\/\/medsynergiesante.ma\/?s={search_term_string}"},"query-input":{"@type":"PropertyValueSpecification","valueRequired":true,"valueName":"search_term_string"}}],"inLanguage":"fr-FR"},{"@type":"Organization","@id":"https:\/\/medsynergiesante.ma\/#organization","name":"Med Synergie Sant\u00e9","url":"https:\/\/medsynergiesante.ma\/","logo":{"@type":"ImageObject","inLanguage":"fr-FR","@id":"https:\/\/medsynergiesante.ma\/#\/schema\/logo\/image\/","url":"https:\/\/medsynergiesante.ma\/wp-content\/uploads\/2025\/06\/logo-agency.png","contentUrl":"https:\/\/medsynergiesante.ma\/wp-content\/uploads\/2025\/06\/logo-agency.png","width":200,"height":200,"caption":"Med Synergie Sant\u00e9"},"image":{"@id":"https:\/\/medsynergiesante.ma\/#\/schema\/logo\/image\/"}}]}},"_links":{"self":[{"href":"https:\/\/medsynergiesante.ma\/index.php?rest_route=\/wp\/v2\/pages\/13","targetHints":{"allow":["GET"]}}],"collection":[{"href":"https:\/\/medsynergiesante.ma\/index.php?rest_route=\/wp\/v2\/pages"}],"about":[{"href":"https:\/\/medsynergiesante.ma\/index.php?rest_route=\/wp\/v2\/types\/page"}],"author":[{"embeddable":true,"href":"https:\/\/medsynergiesante.ma\/index.php?rest_route=\/wp\/v2\/users\/1"}],"replies":[{"embeddable":true,"href":"https:\/\/medsynergiesante.ma\/index.php?rest_route=%2Fwp%2Fv2%2Fcomments&post=13"}],"version-history":[{"count":2,"href":"https:\/\/medsynergiesante.ma\/index.php?rest_route=\/wp\/v2\/pages\/13\/revisions"}],"predecessor-version":[{"id":54,"href":"https:\/\/medsynergiesante.ma\/index.php?rest_route=\/wp\/v2\/pages\/13\/revisions\/54"}],"wp:attachment":[{"href":"https:\/\/medsynergiesante.ma\/index.php?rest_route=%2Fwp%2Fv2%2Fmedia&parent=13"}],"curies":[{"name":"wp","href":"https:\/\/api.w.org\/{rel}","templated":true}]}}