{"id":12,"date":"2025-06-11T20:40:11","date_gmt":"2025-06-11T20:40:11","guid":{"rendered":"https:\/\/medsynergiesante.ma\/?page_id=12"},"modified":"2025-06-17T16:17:11","modified_gmt":"2025-06-17T16:17:11","slug":"a-propos","status":"publish","type":"page","link":"https:\/\/medsynergiesante.ma\/?page_id=12","title":{"rendered":"\u00c0 propos"},"content":{"rendered":"\n<div class=\"wp-block-cover alignfull\" style=\"min-height:320px;aspect-ratio:unset;\"><span aria-hidden=\"true\" class=\"wp-block-cover__background has-nv-site-bg-background-color has-background-dim-100 has-background-dim\"><\/span><div class=\"wp-block-cover__inner-container is-layout-flow wp-block-cover-is-layout-flow\">\n<div class=\"wp-block-group\" style=\"padding-right:var(--wp--preset--spacing--30);padding-left:var(--wp--preset--spacing--30)\"><div class=\"wp-block-group__inner-container is-layout-flow wp-block-group-is-layout-flow\">\n<h1 class=\"wp-block-heading has-text-align-left has-neve-link-hover-color-color has-text-color\">Qui sommes-nous ?<\/h1>\n<\/div><\/div>\n<\/div><\/div>\n\n\n\n<div class=\"wp-block-cover alignfull\" style=\"min-height:600px;aspect-ratio:unset;\"><span aria-hidden=\"true\" class=\"wp-block-cover__background has-nv-light-bg-background-color has-background-dim-100 has-background-dim\"><\/span><div class=\"wp-block-cover__inner-container is-layout-flow wp-block-cover-is-layout-flow\">\n<div class=\"wp-block-group\"><div class=\"wp-block-group__inner-container is-layout-flow wp-block-group-is-layout-flow\">\n<div style=\"height:80px\" aria-hidden=\"true\" class=\"wp-block-spacer\"><\/div>\n\n\n\n<div class=\"wp-block-columns are-vertically-aligned-center has-neve-text-color-color has-text-color is-layout-flex wp-container-core-columns-is-layout-9d6595d7 wp-block-columns-is-layout-flex\">\n<div class=\"wp-block-column is-vertically-aligned-center is-layout-flow wp-block-column-is-layout-flow\" style=\"padding-right:var(--wp--preset--spacing--30);padding-left:var(--wp--preset--spacing--30);flex-basis:50%\">\n<figure class=\"wp-block-image size-full is-resized has-custom-border\"><img loading=\"lazy\" decoding=\"async\" width=\"507\" height=\"338\" src=\"https:\/\/medsynergiesante.ma\/wp-content\/uploads\/2025\/06\/istockphoto-514419839-170667a.jpg\" alt=\"\" class=\"wp-image-48\" style=\"border-radius:16px;width:581px;height:auto\" srcset=\"https:\/\/medsynergiesante.ma\/wp-content\/uploads\/2025\/06\/istockphoto-514419839-170667a.jpg 507w, https:\/\/medsynergiesante.ma\/wp-content\/uploads\/2025\/06\/istockphoto-514419839-170667a-300x200.jpg 300w\" sizes=\"auto, (max-width: 507px) 100vw, 507px\" \/><\/figure>\n<\/div>\n\n\n\n<div class=\"wp-block-column is-vertically-aligned-center is-layout-flow wp-block-column-is-layout-flow\" style=\"padding-top:0;padding-right:var(--wp--preset--spacing--30);padding-bottom:0;padding-left:var(--wp--preset--spacing--30);flex-basis:50%\">\n<h3 class=\"wp-block-heading has-neve-link-hover-color-color has-text-color\">Notre Histoire et Nos Valeurs : <\/h3>\n\n\n\n<p><em><strong>L&rsquo;Engagement Med Synergie Sant\u00e9<\/strong><\/em><\/p>\n\n\n\n<p class=\"has-text-align-center has-neve-text-color-color has-text-color\">Fond\u00e9e au c\u0153ur du Maroc, Med Synergie Sant\u00e9 est n\u00e9e d&rsquo;une vision simple mais puissante :<br>Offrir des solutions de propret\u00e9 et d&rsquo;hygi\u00e8ne qui d\u00e9passent les attentes. Nous sommes un fabricant marocain fier de ses racines, d\u00e9di\u00e9 \u00e0 l&rsquo;excellence et \u00e0 l&rsquo;innovation.<\/p>\n<\/div>\n<\/div>\n\n\n\n<div style=\"height:40px\" aria-hidden=\"true\" class=\"wp-block-spacer\"><\/div>\n<\/div><\/div>\n<\/div><\/div>\n\n\n\n<div class=\"wp-block-cover alignfull\" style=\"min-height:600px;aspect-ratio:unset;\"><span aria-hidden=\"true\" class=\"wp-block-cover__background has-background-dim-100 has-background-dim\" style=\"background-color:#036bc0\"><\/span><div class=\"wp-block-cover__inner-container is-layout-flow wp-block-cover-is-layout-flow\">\n<div class=\"wp-block-group\"><div class=\"wp-block-group__inner-container is-layout-flow wp-block-group-is-layout-flow\">\n<div style=\"height:80px\" aria-hidden=\"true\" class=\"wp-block-spacer\"><\/div>\n\n\n\n<div class=\"wp-block-columns are-vertically-aligned-center is-layout-flex wp-container-core-columns-is-layout-9d6595d7 wp-block-columns-is-layout-flex\">\n<div class=\"wp-block-column is-vertically-aligned-center is-layout-flow wp-block-column-is-layout-flow\" style=\"padding-right:var(--wp--preset--spacing--30);padding-left:var(--wp--preset--spacing--30);flex-basis:50%\">\n<h1 class=\"wp-block-heading has-nv-text-dark-bg-color has-text-color\">Notre Mission<\/h1>\n\n\n\n<div style=\"height:20px\" aria-hidden=\"true\" class=\"wp-block-spacer\"><\/div>\n\n\n\n<p class=\"has-text-align-center has-nv-text-dark-bg-color has-text-color\">Notre mission est de d\u00e9velopper et de distribuer des d\u00e9tergents et produits d&rsquo;hygi\u00e8ne de haute qualit\u00e9, pour les particuliers comme pour les professionnels. <\/p>\n\n\n\n<p class=\"has-text-align-center has-nv-text-dark-bg-color has-text-color\">Nous aspirons \u00e0 cr\u00e9er un environnement plus propre, plus sain et plus agr\u00e9able pour tous, en alliant performance, s\u00e9curit\u00e9 et respect de l&rsquo;environnement.<\/p>\n\n\n\n<div class=\"wp-block-buttons has-custom-font-size has-small-font-size is-content-justification-left is-layout-flex wp-container-core-buttons-is-layout-fdcfc74e wp-block-buttons-is-layout-flex\">\n<div class=\"wp-block-button is-style-default\"><a class=\"wp-block-button__link has-nv-text-dark-bg-color has-neve-link-color-background-color has-text-color has-background has-link-color has-custom-font-size wp-element-button\" href=\"https:\/\/medsynergiesante.ma\/contact\/\" style=\"font-size:16px\">contactez nous<\/a><\/div>\n<\/div>\n\n\n\n<div style=\"height:20px\" aria-hidden=\"true\" class=\"wp-block-spacer\"><\/div>\n<\/div>\n\n\n\n<div class=\"wp-block-column is-vertically-aligned-center is-layout-flow wp-block-column-is-layout-flow\" style=\"padding-right:var(--wp--preset--spacing--30);padding-left:var(--wp--preset--spacing--30);flex-basis:50%\">\n<figure class=\"wp-block-image size-full has-custom-border\"><img decoding=\"async\" src=\"https:\/\/medsynergiesante.ma\/wp-content\/themes\/neve\/assets\/img\/starter-content\/neve-marketing-agency-16.png\" alt=\"\" style=\"border-radius:16px\"\/><\/figure>\n<\/div>\n<\/div>\n\n\n\n<div style=\"height:40px\" aria-hidden=\"true\" class=\"wp-block-spacer\"><\/div>\n<\/div><\/div>\n<\/div><\/div>\n\n\n\n<div class=\"wp-block-cover alignfull\" style=\"min-height:420px;aspect-ratio:unset;\"><span aria-hidden=\"true\" class=\"wp-block-cover__background has-nv-site-bg-background-color has-background-dim-100 has-background-dim\"><\/span><div class=\"wp-block-cover__inner-container is-layout-flow wp-block-cover-is-layout-flow\">\n<div style=\"height:80px\" aria-hidden=\"true\" class=\"wp-block-spacer\"><\/div>\n\n\n\n<div class=\"wp-block-columns is-layout-flex wp-container-core-columns-is-layout-9d6595d7 wp-block-columns-is-layout-flex\">\n<div class=\"wp-block-column ticss-4ce656f1 is-layout-flow wp-block-column-is-layout-flow\" style=\"padding-right:var(--wp--preset--spacing--30);padding-left:var(--wp--preset--spacing--30)\">\n<figure class=\"wp-block-image size-full icon-style is-style-default\"><img decoding=\"async\" src=\"https:\/\/medsynergiesante.ma\/wp-content\/themes\/neve\/assets\/img\/starter-content\/neve-marketing-icon-1.png\" alt=\"\"\/><\/figure>\n\n\n\n<div style=\"height:24px\" aria-hidden=\"true\" class=\"wp-block-spacer\"><\/div>\n\n\n\n<h3 class=\"wp-block-heading has-text-align-left has-text-align-center has-neve-text-color-color has-text-color\">Qualit\u00e9 &amp; S\u00e9curit\u00e9<\/h3>\n\n\n\n<p class=\"has-text-align-left has-neve-text-color-color has-text-color\"><em>\u00ab\u00a0Chaque produit est le fruit d&rsquo;une recherche rigoureuse et de tests approfondis, garantissant une efficacit\u00e9 irr\u00e9prochable et une s\u00e9curit\u00e9 optimale pour les utilisateurs et les surfaces.\u00a0\u00bb<\/em><\/p>\n\n\n\n<p class=\"has-text-align-left has-neve-text-color-color has-text-color\"><\/p>\n\n\n\n<div style=\"height:20px\" aria-hidden=\"true\" class=\"wp-block-spacer\"><\/div>\n<\/div>\n\n\n\n<div class=\"wp-block-column ticss-f6fc7494 is-layout-flow wp-block-column-is-layout-flow\" style=\"padding-right:var(--wp--preset--spacing--30);padding-left:var(--wp--preset--spacing--30)\">\n<figure class=\"wp-block-image size-full icon-style is-style-default\"><img decoding=\"async\" src=\"https:\/\/medsynergiesante.ma\/wp-content\/themes\/neve\/assets\/img\/starter-content\/neve-marketing-icon-2.png\" alt=\"\"\/><\/figure>\n\n\n\n<div style=\"height:24px\" aria-hidden=\"true\" class=\"wp-block-spacer\"><\/div>\n\n\n\n<h3 class=\"wp-block-heading has-text-align-left has-text-align-center has-neve-text-color-color has-text-color\">Innovation Continue<\/h3>\n\n\n\n<p class=\"has-text-align-left has-neve-text-color-color has-text-color\"><em>\u00ab\u00a0Le monde \u00e9volue, et nos produits aussi. Notre \u00e9quipe de R&amp;D est constamment \u00e0 la recherche de nouvelles technologies et de meilleures formules pour anticiper vos besoins et vous offrir les solutions les plus avanc\u00e9es.\u00a0\u00bb<\/em><\/p>\n\n\n\n<p class=\"has-text-align-left has-neve-text-color-color has-text-color\"><\/p>\n\n\n\n<div style=\"height:20px\" aria-hidden=\"true\" class=\"wp-block-spacer\"><\/div>\n<\/div>\n\n\n\n<div class=\"wp-block-column ticss-a5b4df29 is-layout-flow wp-block-column-is-layout-flow\" style=\"padding-right:var(--wp--preset--spacing--30);padding-left:var(--wp--preset--spacing--30)\">\n<figure class=\"wp-block-image size-full icon-style is-style-default\"><img decoding=\"async\" src=\"https:\/\/medsynergiesante.ma\/wp-content\/themes\/neve\/assets\/img\/starter-content\/neve-marketing-icon-3.1.png\" alt=\"\"\/><\/figure>\n\n\n\n<div style=\"height:24px\" aria-hidden=\"true\" class=\"wp-block-spacer\"><\/div>\n\n\n\n<h3 class=\"wp-block-heading has-text-align-left has-text-align-center has-neve-text-color-color has-text-color\">Respect de l&rsquo;Environnement<\/h3>\n\n\n\n<p class=\"has-text-align-left has-neve-text-color-color has-text-color\"><em>\u00ab\u00a0Nous nous engageons \u00e0 minimiser notre<br>empreinte \u00e9cologique. Cela se traduit par des formules respectueuses, des<br>processus de production optimis\u00e9s et, \u00e0 terme, des emballages durables.\u00a0\u00bb<\/em><\/p>\n\n\n\n<p class=\"has-text-align-left has-neve-text-color-color has-text-color\"><\/p>\n\n\n\n<div style=\"height:20px\" aria-hidden=\"true\" class=\"wp-block-spacer\"><\/div>\n<\/div>\n<\/div>\n\n\n\n<div style=\"height:30px\" aria-hidden=\"true\" class=\"wp-block-spacer\"><\/div>\n<\/div><\/div>\n\n\n\n<div class=\"wp-block-cover alignfull\" style=\"min-height:600px;aspect-ratio:unset;\"><span aria-hidden=\"true\" class=\"wp-block-cover__background has-nv-light-bg-background-color has-background-dim-100 has-background-dim\"><\/span><div class=\"wp-block-cover__inner-container is-layout-flow wp-block-cover-is-layout-flow\">\n<div class=\"wp-block-group\"><div class=\"wp-block-group__inner-container is-layout-flow wp-block-group-is-layout-flow\">\n<div class=\"wp-block-columns has-nv-text-dark-bg-color has-neve-link-color-background-color has-text-color has-background has-link-color wp-elements-f1075183aa8c611ddda9bc0d7e781ac7 is-layout-flex wp-container-core-columns-is-layout-54bf4747 wp-block-columns-is-layout-flex\" style=\"border-radius:24px;padding-top:var(--wp--preset--spacing--70);padding-right:var(--wp--preset--spacing--70);padding-bottom:var(--wp--preset--spacing--70);padding-left:var(--wp--preset--spacing--70)\">\n<div class=\"wp-block-column is-layout-flow wp-block-column-is-layout-flow\" style=\"flex-basis:100%\">\n<p><\/p>\n\n\n\n<h2 class=\"wp-block-heading has-nv-text-dark-bg-color has-text-color has-link-color has-huge-font-size wp-elements-016c2a3f6fa2599cfd62374da827b397\">Nos Coordonn\u00e9es<\/h2>\n<\/div>\n\n\n\n<div class=\"wp-block-column is-layout-flow wp-block-column-is-layout-flow\" style=\"flex-basis:100%\">\n<p class=\"has-nv-text-dark-bg-color has-text-color has-link-color has-medium-font-size wp-elements-6743c5de186feca8179a64b47eb2e1b0\"><strong>Adresse <\/strong>: N\u00b0 359, Boulevard Chefchaouni, Route 110, Km 12, \u00c9tage 1, A\u00efn Seba\u00e2,<br>Casablanca, Maroc<br>\u25cf <strong>T\u00e9l\u00e9phone :<\/strong> 05 22 34 39 55 \/ 07 68 14 04 54<br>\u25cf <strong>E-mail :<\/strong> contact@medsynergiesante.ma<\/p>\n<\/div>\n<\/div>\n<\/div><\/div>\n<\/div><\/div>\n","protected":false},"excerpt":{"rendered":"","protected":false},"author":1,"featured_media":0,"parent":0,"menu_order":0,"comment_status":"closed","ping_status":"closed","template":"","meta":{"neve_meta_sidebar":"","neve_meta_container":"","neve_meta_enable_content_width":"on","neve_meta_content_width":100,"neve_meta_title_alignment":"","neve_meta_author_avatar":"","neve_post_elements_order":"","neve_meta_disable_header":"","neve_meta_disable_footer":"","neve_meta_disable_title":"on","_kadence_starter_templates_imported_post":false,"footnotes":""},"class_list":["post-12","page","type-page","status-publish","hentry"],"yoast_head":"<!-- This site is optimized with the Yoast SEO plugin v25.3 - https:\/\/yoast.com\/wordpress\/plugins\/seo\/ -->\n<title>\u00c0 propos - Med Synergie Sant\u00e9<\/title>\n<meta name=\"robots\" content=\"index, follow, max-snippet:-1, max-image-preview:large, max-video-preview:-1\" \/>\n<link rel=\"canonical\" href=\"https:\/\/medsynergiesante.ma\/?page_id=12\" \/>\n<meta property=\"og:locale\" content=\"fr_FR\" \/>\n<meta property=\"og:type\" content=\"article\" \/>\n<meta property=\"og:title\" content=\"\u00c0 propos - Med Synergie Sant\u00e9\" \/>\n<meta property=\"og:url\" content=\"https:\/\/medsynergiesante.ma\/?page_id=12\" \/>\n<meta property=\"og:site_name\" content=\"Med Synergie Sant\u00e9\" \/>\n<meta property=\"article:modified_time\" content=\"2025-06-17T16:17:11+00:00\" \/>\n<meta property=\"og:image\" content=\"https:\/\/medsynergiesante.ma\/wp-content\/uploads\/2025\/06\/istockphoto-514419839-170667a.jpg\" \/>\n\t<meta property=\"og:image:width\" content=\"507\" \/>\n\t<meta property=\"og:image:height\" content=\"338\" \/>\n\t<meta property=\"og:image:type\" content=\"image\/jpeg\" \/>\n<meta name=\"twitter:card\" content=\"summary_large_image\" \/>\n<meta name=\"twitter:label1\" content=\"Dur\u00e9e de lecture estim\u00e9e\" \/>\n\t<meta name=\"twitter:data1\" content=\"3 minutes\" \/>\n<script type=\"application\/ld+json\" class=\"yoast-schema-graph\">{\"@context\":\"https:\/\/schema.org\",\"@graph\":[{\"@type\":\"WebPage\",\"@id\":\"https:\/\/medsynergiesante.ma\/?page_id=12\",\"url\":\"https:\/\/medsynergiesante.ma\/?page_id=12\",\"name\":\"\u00c0 propos - Med Synergie Sant\u00e9\",\"isPartOf\":{\"@id\":\"https:\/\/medsynergiesante.ma\/#website\"},\"primaryImageOfPage\":{\"@id\":\"https:\/\/medsynergiesante.ma\/?page_id=12#primaryimage\"},\"image\":{\"@id\":\"https:\/\/medsynergiesante.ma\/?page_id=12#primaryimage\"},\"thumbnailUrl\":\"https:\/\/medsynergiesante.ma\/wp-content\/uploads\/2025\/06\/istockphoto-514419839-170667a.jpg\",\"datePublished\":\"2025-06-11T20:40:11+00:00\",\"dateModified\":\"2025-06-17T16:17:11+00:00\",\"breadcrumb\":{\"@id\":\"https:\/\/medsynergiesante.ma\/?page_id=12#breadcrumb\"},\"inLanguage\":\"fr-FR\",\"potentialAction\":[{\"@type\":\"ReadAction\",\"target\":[\"https:\/\/medsynergiesante.ma\/?page_id=12\"]}]},{\"@type\":\"ImageObject\",\"inLanguage\":\"fr-FR\",\"@id\":\"https:\/\/medsynergiesante.ma\/?page_id=12#primaryimage\",\"url\":\"https:\/\/medsynergiesante.ma\/wp-content\/uploads\/2025\/06\/istockphoto-514419839-170667a.jpg\",\"contentUrl\":\"https:\/\/medsynergiesante.ma\/wp-content\/uploads\/2025\/06\/istockphoto-514419839-170667a.jpg\",\"width\":507,\"height\":338,\"caption\":\"Chefchaouen, Morocco - September 16, 2013: A Berber woman is seen in the town of Chefchaouen, cleaning a large Moroccan rug. She is bent over scrubbing the rug with a scrub brush in her right hand.\"},{\"@type\":\"BreadcrumbList\",\"@id\":\"https:\/\/medsynergiesante.ma\/?page_id=12#breadcrumb\",\"itemListElement\":[{\"@type\":\"ListItem\",\"position\":1,\"name\":\"Accueil\",\"item\":\"https:\/\/medsynergiesante.ma\/\"},{\"@type\":\"ListItem\",\"position\":2,\"name\":\"\u00c0 propos\"}]},{\"@type\":\"WebSite\",\"@id\":\"https:\/\/medsynergiesante.ma\/#website\",\"url\":\"https:\/\/medsynergiesante.ma\/\",\"name\":\"Med Synergie Sant\u00e9\",\"description\":\"\",\"publisher\":{\"@id\":\"https:\/\/medsynergiesante.ma\/#organization\"},\"potentialAction\":[{\"@type\":\"SearchAction\",\"target\":{\"@type\":\"EntryPoint\",\"urlTemplate\":\"https:\/\/medsynergiesante.ma\/?s={search_term_string}\"},\"query-input\":{\"@type\":\"PropertyValueSpecification\",\"valueRequired\":true,\"valueName\":\"search_term_string\"}}],\"inLanguage\":\"fr-FR\"},{\"@type\":\"Organization\",\"@id\":\"https:\/\/medsynergiesante.ma\/#organization\",\"name\":\"Med Synergie Sant\u00e9\",\"url\":\"https:\/\/medsynergiesante.ma\/\",\"logo\":{\"@type\":\"ImageObject\",\"inLanguage\":\"fr-FR\",\"@id\":\"https:\/\/medsynergiesante.ma\/#\/schema\/logo\/image\/\",\"url\":\"https:\/\/medsynergiesante.ma\/wp-content\/uploads\/2025\/06\/logo-agency.png\",\"contentUrl\":\"https:\/\/medsynergiesante.ma\/wp-content\/uploads\/2025\/06\/logo-agency.png\",\"width\":200,\"height\":200,\"caption\":\"Med Synergie Sant\u00e9\"},\"image\":{\"@id\":\"https:\/\/medsynergiesante.ma\/#\/schema\/logo\/image\/\"}}]}<\/script>\n<!-- \/ Yoast SEO plugin. -->","yoast_head_json":{"title":"\u00c0 propos - Med Synergie Sant\u00e9","robots":{"index":"index","follow":"follow","max-snippet":"max-snippet:-1","max-image-preview":"max-image-preview:large","max-video-preview":"max-video-preview:-1"},"canonical":"https:\/\/medsynergiesante.ma\/?page_id=12","og_locale":"fr_FR","og_type":"article","og_title":"\u00c0 propos - Med Synergie Sant\u00e9","og_url":"https:\/\/medsynergiesante.ma\/?page_id=12","og_site_name":"Med Synergie Sant\u00e9","article_modified_time":"2025-06-17T16:17:11+00:00","og_image":[{"width":507,"height":338,"url":"https:\/\/medsynergiesante.ma\/wp-content\/uploads\/2025\/06\/istockphoto-514419839-170667a.jpg","type":"image\/jpeg"}],"twitter_card":"summary_large_image","twitter_misc":{"Dur\u00e9e de lecture estim\u00e9e":"3 minutes"},"schema":{"@context":"https:\/\/schema.org","@graph":[{"@type":"WebPage","@id":"https:\/\/medsynergiesante.ma\/?page_id=12","url":"https:\/\/medsynergiesante.ma\/?page_id=12","name":"\u00c0 propos - Med Synergie Sant\u00e9","isPartOf":{"@id":"https:\/\/medsynergiesante.ma\/#website"},"primaryImageOfPage":{"@id":"https:\/\/medsynergiesante.ma\/?page_id=12#primaryimage"},"image":{"@id":"https:\/\/medsynergiesante.ma\/?page_id=12#primaryimage"},"thumbnailUrl":"https:\/\/medsynergiesante.ma\/wp-content\/uploads\/2025\/06\/istockphoto-514419839-170667a.jpg","datePublished":"2025-06-11T20:40:11+00:00","dateModified":"2025-06-17T16:17:11+00:00","breadcrumb":{"@id":"https:\/\/medsynergiesante.ma\/?page_id=12#breadcrumb"},"inLanguage":"fr-FR","potentialAction":[{"@type":"ReadAction","target":["https:\/\/medsynergiesante.ma\/?page_id=12"]}]},{"@type":"ImageObject","inLanguage":"fr-FR","@id":"https:\/\/medsynergiesante.ma\/?page_id=12#primaryimage","url":"https:\/\/medsynergiesante.ma\/wp-content\/uploads\/2025\/06\/istockphoto-514419839-170667a.jpg","contentUrl":"https:\/\/medsynergiesante.ma\/wp-content\/uploads\/2025\/06\/istockphoto-514419839-170667a.jpg","width":507,"height":338,"caption":"Chefchaouen, Morocco - September 16, 2013: A Berber woman is seen in the town of Chefchaouen, cleaning a large Moroccan rug. She is bent over scrubbing the rug with a scrub brush in her right hand."},{"@type":"BreadcrumbList","@id":"https:\/\/medsynergiesante.ma\/?page_id=12#breadcrumb","itemListElement":[{"@type":"ListItem","position":1,"name":"Accueil","item":"https:\/\/medsynergiesante.ma\/"},{"@type":"ListItem","position":2,"name":"\u00c0 propos"}]},{"@type":"WebSite","@id":"https:\/\/medsynergiesante.ma\/#website","url":"https:\/\/medsynergiesante.ma\/","name":"Med Synergie Sant\u00e9","description":"","publisher":{"@id":"https:\/\/medsynergiesante.ma\/#organization"},"potentialAction":[{"@type":"SearchAction","target":{"@type":"EntryPoint","urlTemplate":"https:\/\/medsynergiesante.ma\/?s={search_term_string}"},"query-input":{"@type":"PropertyValueSpecification","valueRequired":true,"valueName":"search_term_string"}}],"inLanguage":"fr-FR"},{"@type":"Organization","@id":"https:\/\/medsynergiesante.ma\/#organization","name":"Med Synergie Sant\u00e9","url":"https:\/\/medsynergiesante.ma\/","logo":{"@type":"ImageObject","inLanguage":"fr-FR","@id":"https:\/\/medsynergiesante.ma\/#\/schema\/logo\/image\/","url":"https:\/\/medsynergiesante.ma\/wp-content\/uploads\/2025\/06\/logo-agency.png","contentUrl":"https:\/\/medsynergiesante.ma\/wp-content\/uploads\/2025\/06\/logo-agency.png","width":200,"height":200,"caption":"Med Synergie Sant\u00e9"},"image":{"@id":"https:\/\/medsynergiesante.ma\/#\/schema\/logo\/image\/"}}]}},"_links":{"self":[{"href":"https:\/\/medsynergiesante.ma\/index.php?rest_route=\/wp\/v2\/pages\/12","targetHints":{"allow":["GET"]}}],"collection":[{"href":"https:\/\/medsynergiesante.ma\/index.php?rest_route=\/wp\/v2\/pages"}],"about":[{"href":"https:\/\/medsynergiesante.ma\/index.php?rest_route=\/wp\/v2\/types\/page"}],"author":[{"embeddable":true,"href":"https:\/\/medsynergiesante.ma\/index.php?rest_route=\/wp\/v2\/users\/1"}],"replies":[{"embeddable":true,"href":"https:\/\/medsynergiesante.ma\/index.php?rest_route=%2Fwp%2Fv2%2Fcomments&post=12"}],"version-history":[{"count":5,"href":"https:\/\/medsynergiesante.ma\/index.php?rest_route=\/wp\/v2\/pages\/12\/revisions"}],"predecessor-version":[{"id":87,"href":"https:\/\/medsynergiesante.ma\/index.php?rest_route=\/wp\/v2\/pages\/12\/revisions\/87"}],"wp:attachment":[{"href":"https:\/\/medsynergiesante.ma\/index.php?rest_route=%2Fwp%2Fv2%2Fmedia&parent=12"}],"curies":[{"name":"wp","href":"https:\/\/api.w.org\/{rel}","templated":true}]}}